{"id":1117,"date":"2024-03-24T14:54:11","date_gmt":"2024-03-24T14:54:11","guid":{"rendered":"https:\/\/onejetski.com\/?post_type=product&#038;p=1117"},"modified":"2024-03-25T13:32:50","modified_gmt":"2024-03-25T13:32:50","slug":"jetski-tours","status":"publish","type":"product","link":"https:\/\/onejetski.com\/?product=jetski-tours","title":{"rendered":"JETSKI TOURS"},"content":{"rendered":"<h1>JETSKI TOURS<\/h1>\n<p><strong>CALA D&#8217;OR BEACH 30MIN.<\/strong><\/p>\n<p><span style=\"color: #a62323;\">Navegaremos por la costa de Cala D&#8217;Or disfrutando de su paisaje natural y quemando adrenalina conduciendo nuestras motos de agua!<\/span><\/p>\n<p>Incredible Jetski tour where we will sail through the coast of Cala D&#8217;Or enjoying it&#8217;s landscape and enjoying the power of our Jetskis, burning adrenaline all the way!<\/p>\n<p><strong>PARQUE NATURAL CALA MONDRAG\u00d3 60MIN.<\/strong><\/p>\n<p><span style=\"color: #a62323;\">Saldremos direcci\u00f3n al Parque natural de Cala Mondrag\u00f3, donde nos encontraremos rodeados de acantilados, playas v\u00edrgenes y naturaleza. Podremos darnos un chapuz\u00f3n en sus aguas cristalinas y tomarnos unas bonitas fotos que ser\u00e1n la envidia de todos!<\/span><\/p>\n<p>Starting from the Marina of Cala D&#8217;Or, we will sail towards the beautiful Cala Mondrag\u00f3 Natural Park, finding this awesome landscape surrounded cliffs and coves full of nature. Once there we can jump into the water and have a swim, snorkel and also take some nice pictures!<\/p>\n<p><strong>CAL\u00d3 DES MORO 90MIN.<\/strong><\/p>\n<p><span style=\"color: #a62323;\">Disfruta de esta incre\u00edble excursi\u00f3n a Cal\u00f3 des Moro, una cala v\u00edrgen de aguas turquesas, rodeada de acantilados y naturaleza pura. De camino podremos admirar diversas calas como Cal\u00f3 des Borgit, Cala Mondrag\u00f3 y S&#8217;Amarador.<\/span><\/p>\n<p>Enjoy this amazing tour to Cal\u00f3 des Moro, a beautiful cove surrounded by cliffs and crystal clear waters, a dream for any nature lover! Starting from the Marina of Cala D&#8217;Or we will drive our jetskis while admiring incredible coves and small caves, such as Cal\u00f3 des Borgit, Cala Mondrag\u00f3 and S&#8217;Amarador.<\/p>\n","protected":false},"excerpt":{"rendered":"[video width=\"848\" height=\"480\" mp4=\"https:\/\/onejetski.com\/wp-content\/uploads\/2024\/03\/Jetski-video.mp4\"][\/video]\n","protected":false},"featured_media":1119,"comment_status":"open","ping_status":"closed","template":"","meta":[],"product_brand":[],"product_cat":[54],"product_tag":[],"class_list":{"0":"post-1117","1":"product","2":"type-product","3":"status-publish","4":"has-post-thumbnail","6":"product_cat-uncategorized","8":"first","9":"instock","10":"shipping-taxable","11":"product-type-simple"},"_links":{"self":[{"href":"https:\/\/onejetski.com\/index.php?rest_route=\/wp\/v2\/product\/1117","targetHints":{"allow":["GET"]}}],"collection":[{"href":"https:\/\/onejetski.com\/index.php?rest_route=\/wp\/v2\/product"}],"about":[{"href":"https:\/\/onejetski.com\/index.php?rest_route=\/wp\/v2\/types\/product"}],"replies":[{"embeddable":true,"href":"https:\/\/onejetski.com\/index.php?rest_route=%2Fwp%2Fv2%2Fcomments&post=1117"}],"wp:featuredmedia":[{"embeddable":true,"href":"https:\/\/onejetski.com\/index.php?rest_route=\/wp\/v2\/media\/1119"}],"wp:attachment":[{"href":"https:\/\/onejetski.com\/index.php?rest_route=%2Fwp%2Fv2%2Fmedia&parent=1117"}],"wp:term":[{"taxonomy":"product_brand","embeddable":true,"href":"https:\/\/onejetski.com\/index.php?rest_route=%2Fwp%2Fv2%2Fproduct_brand&post=1117"},{"taxonomy":"product_cat","embeddable":true,"href":"https:\/\/onejetski.com\/index.php?rest_route=%2Fwp%2Fv2%2Fproduct_cat&post=1117"},{"taxonomy":"product_tag","embeddable":true,"href":"https:\/\/onejetski.com\/index.php?rest_route=%2Fwp%2Fv2%2Fproduct_tag&post=1117"}],"curies":[{"name":"wp","href":"https:\/\/api.w.org\/{rel}","templated":true}]}}